{"id":916,"date":"2020-06-02T12:30:51","date_gmt":"2020-06-02T12:30:51","guid":{"rendered":"http:\/\/sboutiful.com\/?post_type=product&#038;p=916"},"modified":"2020-06-29T09:11:24","modified_gmt":"2020-06-29T09:11:24","slug":"fani","status":"publish","type":"product","link":"https:\/\/sboutiful.com\/de\/produkt\/fani\/","title":{"rendered":"FANI"},"content":{"rendered":"<p><span style=\"font-weight: 400;\"><strong>FANI<\/strong> \u2013 gelb-schwarzes \u00be Oberteil. Die Dreiecks-Vordertasche ist ein Symbol der traditionellen westafrikanischen Taschen, die meist bei m\u00e4nnlichen Kleidungsst\u00fccken angen\u00e4ht wird. Hergestellt in Dakar. Der Stoff kommt aus Burkina Faso. Das Muster soll heilende Kr\u00e4fte besitzen. \u2018Faso dan Fani\u2019 bedeutet \u2018das gewebte und gef\u00e4rbte Garn\u2019.<\/span><span style=\"font-weight: 400;\"><br \/>\n<\/span><\/p>","protected":false},"excerpt":{"rendered":"<p><span style=\"font-weight: 400;\"><strong>FANI<\/strong> \u2013 gelb-schwarzes \u00be Oberteil. Die Dreiecks-Vordertasche ist ein Symbol der traditionellen westafrikanischen Taschen, die meist bei m\u00e4nnlichen Kleidungsst\u00fccken angen\u00e4ht wird. Hergestellt in Dakar. Der Stoff kommt aus Burkina Faso. Das Muster soll heilende Kr\u00e4fte besitzen. \u2018Faso dan Fani\u2019 bedeutet \u2018das gewebte und gef\u00e4rbte Garn\u2019.<\/span><\/p>","protected":false},"featured_media":1809,"comment_status":"closed","ping_status":"closed","template":"","meta":[],"product_brand":[],"product_cat":[17],"product_tag":[],"class_list":{"0":"post-916","1":"product","2":"type-product","3":"status-publish","4":"has-post-thumbnail","6":"product_cat-unkategorisiert","8":"entry","9":"has-media","11":"first","12":"instock","13":"shipping-taxable","14":"purchasable","15":"product-type-simple","16":"has-product-nav","17":"col","18":"span_1_of_3","19":"owp-content-center","20":"owp-thumbs-layout-horizontal","21":"owp-btn-normal","22":"owp-tabs-layout-horizontal"},"jetpack_sharing_enabled":true,"_links":{"self":[{"href":"https:\/\/sboutiful.com\/de\/wp-json\/wp\/v2\/product\/916","targetHints":{"allow":["GET"]}}],"collection":[{"href":"https:\/\/sboutiful.com\/de\/wp-json\/wp\/v2\/product"}],"about":[{"href":"https:\/\/sboutiful.com\/de\/wp-json\/wp\/v2\/types\/product"}],"replies":[{"embeddable":true,"href":"https:\/\/sboutiful.com\/de\/wp-json\/wp\/v2\/comments?post=916"}],"wp:featuredmedia":[{"embeddable":true,"href":"https:\/\/sboutiful.com\/de\/wp-json\/wp\/v2\/media\/1809"}],"wp:attachment":[{"href":"https:\/\/sboutiful.com\/de\/wp-json\/wp\/v2\/media?parent=916"}],"wp:term":[{"taxonomy":"product_brand","embeddable":true,"href":"https:\/\/sboutiful.com\/de\/wp-json\/wp\/v2\/product_brand?post=916"},{"taxonomy":"product_cat","embeddable":true,"href":"https:\/\/sboutiful.com\/de\/wp-json\/wp\/v2\/product_cat?post=916"},{"taxonomy":"product_tag","embeddable":true,"href":"https:\/\/sboutiful.com\/de\/wp-json\/wp\/v2\/product_tag?post=916"}],"curies":[{"name":"wp","href":"https:\/\/api.w.org\/{rel}","templated":true}]}}