{"id":908,"date":"2020-06-02T12:16:59","date_gmt":"2020-06-02T12:16:59","guid":{"rendered":"http:\/\/sboutiful.com\/?post_type=product&#038;p=908"},"modified":"2021-12-03T00:30:45","modified_gmt":"2021-12-03T00:30:45","slug":"nakunte","status":"publish","type":"product","link":"https:\/\/sboutiful.com\/de\/produkt\/nakunte\/","title":{"rendered":"NAKUNTE"},"content":{"rendered":"<p><strong>NAKUNTE<\/strong><span style=\"font-weight: 400;\"> \u2013 Kupferfarbige Alltagsjacke mit wei\u00dfen Mustern. Gef\u00fcttert mit beiger Baumwolle. An der \u00d6ffnung doppelt gen\u00e4ht. Die \u00c4rmel sind weit geschnitten mit senkrechten Seitentaschen. Hergestellt in Dakar. Der Stoff kommt aus Mali und soll f\u00fcr rituellen Schutz sorgen. Dieses Kleidungsst\u00fcck wurde nach Nakunte Diarra benannt, einer malischen Textilk\u00fcnstlerin des Bogolan.<\/span><span style=\"font-weight: 400;\"><br \/>\n<\/span><\/p>","protected":false},"excerpt":{"rendered":"<p><strong>NAKUNTE<\/strong><span style=\"font-weight: 400;\"> \u2013 Kupferfarbige Alltagsjacke mit wei\u00dfen Mustern. Gef\u00fcttert mit beiger Baumwolle. An der \u00d6ffnung doppelt gen\u00e4ht. Die \u00c4rmel sind weit geschnitten mit senkrechten Seitentaschen. Hergestellt in Dakar. Der Stoff kommt aus Mali und soll f\u00fcr rituellen Schutz sorgen. Dieses Kleidungsst\u00fcck wurde nach Nakunte Diarra benannt, einer malischen Textilk\u00fcnstlerin des Bogolan.<\/span><\/p>","protected":false},"featured_media":1799,"comment_status":"closed","ping_status":"closed","template":"","meta":[],"product_brand":[],"product_cat":[17],"product_tag":[],"class_list":{"0":"post-908","1":"product","2":"type-product","3":"status-publish","4":"has-post-thumbnail","6":"product_cat-unkategorisiert","8":"entry","9":"has-media","11":"first","12":"outofstock","13":"shipping-taxable","14":"purchasable","15":"product-type-simple","16":"has-product-nav","17":"col","18":"span_1_of_3","19":"owp-content-center","20":"owp-thumbs-layout-horizontal","21":"owp-btn-normal","22":"owp-tabs-layout-horizontal"},"jetpack_sharing_enabled":true,"_links":{"self":[{"href":"https:\/\/sboutiful.com\/de\/wp-json\/wp\/v2\/product\/908","targetHints":{"allow":["GET"]}}],"collection":[{"href":"https:\/\/sboutiful.com\/de\/wp-json\/wp\/v2\/product"}],"about":[{"href":"https:\/\/sboutiful.com\/de\/wp-json\/wp\/v2\/types\/product"}],"replies":[{"embeddable":true,"href":"https:\/\/sboutiful.com\/de\/wp-json\/wp\/v2\/comments?post=908"}],"wp:featuredmedia":[{"embeddable":true,"href":"https:\/\/sboutiful.com\/de\/wp-json\/wp\/v2\/media\/1799"}],"wp:attachment":[{"href":"https:\/\/sboutiful.com\/de\/wp-json\/wp\/v2\/media?parent=908"}],"wp:term":[{"taxonomy":"product_brand","embeddable":true,"href":"https:\/\/sboutiful.com\/de\/wp-json\/wp\/v2\/product_brand?post=908"},{"taxonomy":"product_cat","embeddable":true,"href":"https:\/\/sboutiful.com\/de\/wp-json\/wp\/v2\/product_cat?post=908"},{"taxonomy":"product_tag","embeddable":true,"href":"https:\/\/sboutiful.com\/de\/wp-json\/wp\/v2\/product_tag?post=908"}],"curies":[{"name":"wp","href":"https:\/\/api.w.org\/{rel}","templated":true}]}}