{"id":878,"date":"2020-06-02T10:53:44","date_gmt":"2020-06-02T10:53:44","guid":{"rendered":"http:\/\/sboutiful.com\/?post_type=product&#038;p=878"},"modified":"2024-08-13T21:07:25","modified_gmt":"2024-08-13T21:07:25","slug":"rokia","status":"publish","type":"product","link":"https:\/\/sboutiful.com\/de\/produkt\/rokia\/","title":{"rendered":"ROKIA"},"content":{"rendered":"<p><strong>ROKIA<\/strong> <span style=\"font-weight: 400;\">\u2013 langer Mantel in den Farben Braun, Gelb, Schwarz und Wei\u00df mit individuellen traditionellen westafrikanischen Muster. Die Besonderheit dieser qualitativen Wendejacke ist das Muster und die k\u00fcnstlerische Kraft hinter den Symbolen. Hergestellt in Dakar. Der Stoff kommt aus Mali. In diesem Stoff soll die Energie des Geistes \u201anyama\u2018 enthalten sein, welcher w\u00e4hrend der Jagd Schutz verleiht. Dieses Kleidungsst\u00fcck wurde nach der malischen S\u00e4ngerin Rokia Traor\u00e9 benannt.<\/span><\/p>","protected":false},"excerpt":{"rendered":"<p><strong>ROKIA<\/strong> <span style=\"font-weight: 400;\">\u2013 langer Mantel in den Farben Braun, Gelb, Schwarz und Wei\u00df mit individuellen traditionellen westafrikanischen Muster. Die Besonderheit dieser qualitativen Wendejacke ist das Muster und die k\u00fcnstlerische Kraft hinter den Symbolen. Hergestellt in Dakar. Der Stoff kommt aus Mali. In diesem Stoff soll die Energie des Geistes \u201anyama\u2018 enthalten sein, welcher w\u00e4hrend der Jagd Schutz verleiht. Dieses Kleidungsst\u00fcck wurde nach der malischen S\u00e4ngerin Rokia Traor\u00e9 benannt.<\/span><\/p>","protected":false},"featured_media":2144,"comment_status":"closed","ping_status":"closed","template":"","meta":[],"product_brand":[],"product_cat":[17],"product_tag":[],"class_list":{"0":"post-878","1":"product","2":"type-product","3":"status-publish","4":"has-post-thumbnail","6":"product_cat-unkategorisiert","8":"entry","9":"has-media","11":"first","12":"outofstock","13":"shipping-taxable","14":"purchasable","15":"product-type-simple","16":"has-product-nav","17":"col","18":"span_1_of_3","19":"owp-content-center","20":"owp-thumbs-layout-horizontal","21":"owp-btn-normal","22":"owp-tabs-layout-horizontal"},"jetpack_sharing_enabled":true,"_links":{"self":[{"href":"https:\/\/sboutiful.com\/de\/wp-json\/wp\/v2\/product\/878","targetHints":{"allow":["GET"]}}],"collection":[{"href":"https:\/\/sboutiful.com\/de\/wp-json\/wp\/v2\/product"}],"about":[{"href":"https:\/\/sboutiful.com\/de\/wp-json\/wp\/v2\/types\/product"}],"replies":[{"embeddable":true,"href":"https:\/\/sboutiful.com\/de\/wp-json\/wp\/v2\/comments?post=878"}],"wp:featuredmedia":[{"embeddable":true,"href":"https:\/\/sboutiful.com\/de\/wp-json\/wp\/v2\/media\/2144"}],"wp:attachment":[{"href":"https:\/\/sboutiful.com\/de\/wp-json\/wp\/v2\/media?parent=878"}],"wp:term":[{"taxonomy":"product_brand","embeddable":true,"href":"https:\/\/sboutiful.com\/de\/wp-json\/wp\/v2\/product_brand?post=878"},{"taxonomy":"product_cat","embeddable":true,"href":"https:\/\/sboutiful.com\/de\/wp-json\/wp\/v2\/product_cat?post=878"},{"taxonomy":"product_tag","embeddable":true,"href":"https:\/\/sboutiful.com\/de\/wp-json\/wp\/v2\/product_tag?post=878"}],"curies":[{"name":"wp","href":"https:\/\/api.w.org\/{rel}","templated":true}]}}