{"id":871,"date":"2020-06-02T10:41:09","date_gmt":"2020-06-02T10:41:09","guid":{"rendered":"http:\/\/sboutiful.com\/?post_type=product&#038;p=871"},"modified":"2024-08-13T20:57:44","modified_gmt":"2024-08-13T20:57:44","slug":"medina","status":"publish","type":"product","link":"https:\/\/sboutiful.com\/de\/produkt\/medina\/","title":{"rendered":"MEDINA"},"content":{"rendered":"<p><span style=\"font-weight: 400;\"><strong>MEDINA <\/strong>\u2013 sommerliches, beiges Oberteil mit fein gestrickten Details. Beige Innenf\u00fctterung aus Baumwolle. Zwei senkrechte gro\u00dfe Taschen.  Hergestellt in Dakar. Manjak ist eine traditionelle Webart aus Senegal und der Kap Verde. Dieser Stoff diente als Decke, die die Wiege auskleidet, um den S\u00e4ugling vor dem pl\u00f6tzlichen Tod zu sch\u00fctzen. Der Bezirk Medina in Dakar ist die Hochburg der Kunst und Kulturszene in Dakar. <\/span><\/p>","protected":false},"excerpt":{"rendered":"<p><span style=\"font-weight: 400;\"><strong>MEDINA <\/strong>\u2013 sommerliches, beiges Oberteil mit fein gestrickten Details. Beige Innenf\u00fctterung aus Baumwolle. Zwei senkrechte gro\u00dfe Taschen.  Hergestellt in Dakar. Manjak ist eine traditionelle Webart aus Senegal und der Kap Verde. Dieser Stoff diente als Decke, die die Wiege auskleidet, um den S\u00e4ugling vor dem pl\u00f6tzlichen Tod zu sch\u00fctzen. Der Bezirk Medina in Dakar ist die Hochburg der Kunst und Kulturszene in Dakar.<\/span><\/p>","protected":false},"featured_media":1731,"comment_status":"closed","ping_status":"closed","template":"","meta":[],"product_brand":[],"product_cat":[17],"product_tag":[],"class_list":{"0":"post-871","1":"product","2":"type-product","3":"status-publish","4":"has-post-thumbnail","6":"product_cat-unkategorisiert","8":"entry","9":"has-media","11":"first","12":"outofstock","13":"shipping-taxable","14":"purchasable","15":"product-type-simple","16":"has-product-nav","17":"col","18":"span_1_of_3","19":"owp-content-center","20":"owp-thumbs-layout-horizontal","21":"owp-btn-normal","22":"owp-tabs-layout-horizontal"},"jetpack_sharing_enabled":true,"_links":{"self":[{"href":"https:\/\/sboutiful.com\/de\/wp-json\/wp\/v2\/product\/871","targetHints":{"allow":["GET"]}}],"collection":[{"href":"https:\/\/sboutiful.com\/de\/wp-json\/wp\/v2\/product"}],"about":[{"href":"https:\/\/sboutiful.com\/de\/wp-json\/wp\/v2\/types\/product"}],"replies":[{"embeddable":true,"href":"https:\/\/sboutiful.com\/de\/wp-json\/wp\/v2\/comments?post=871"}],"wp:featuredmedia":[{"embeddable":true,"href":"https:\/\/sboutiful.com\/de\/wp-json\/wp\/v2\/media\/1731"}],"wp:attachment":[{"href":"https:\/\/sboutiful.com\/de\/wp-json\/wp\/v2\/media?parent=871"}],"wp:term":[{"taxonomy":"product_brand","embeddable":true,"href":"https:\/\/sboutiful.com\/de\/wp-json\/wp\/v2\/product_brand?post=871"},{"taxonomy":"product_cat","embeddable":true,"href":"https:\/\/sboutiful.com\/de\/wp-json\/wp\/v2\/product_cat?post=871"},{"taxonomy":"product_tag","embeddable":true,"href":"https:\/\/sboutiful.com\/de\/wp-json\/wp\/v2\/product_tag?post=871"}],"curies":[{"name":"wp","href":"https:\/\/api.w.org\/{rel}","templated":true}]}}