{"id":867,"date":"2020-06-02T10:32:14","date_gmt":"2020-06-02T10:32:14","guid":{"rendered":"http:\/\/sboutiful.com\/?post_type=product&#038;p=867"},"modified":"2020-06-29T09:12:17","modified_gmt":"2020-06-29T09:12:17","slug":"wolo","status":"publish","type":"product","link":"https:\/\/sboutiful.com\/de\/produkt\/wolo\/","title":{"rendered":"WOLO"},"content":{"rendered":"<p><b>WOLO &#8211; <\/b><span style=\"font-weight: 400;\">Ockergelbe, fest gef\u00fctterte Jacke mit wei\u00dfem Druck. Die Besonderheit ist der weit hochgesteckte Kragen, sowie der Bindeg\u00fcrtel an der Taille. Die inneren einfachen Kn\u00f6pfe sind verdeckt und bieten durch das feste Bogolan eine Jacke f\u00fcr jede Gelegenheit. Hergestellt in Dakar. Der Stoff kommt aus Mali. Das Muster soll gef\u00e4hrliche, mystische Kr\u00e4fte abfedern. \u201aWolo\u2018 ist eine gelbliche L\u00f6sung, in dem der Stoff gef\u00e4rbt wird.<\/span><\/p>","protected":false},"excerpt":{"rendered":"<p><b>WOLO &#8211; <\/b><span style=\"font-weight: 400;\">Ockergelbe, fest gef\u00fctterte Jacke mit wei\u00dfem Druck. Die Besonderheit ist der weit hochgesteckte Kragen, sowie der Bindeg\u00fcrtel an der Taille. Die inneren einfachen Kn\u00f6pfe sind verdeckt und bieten durch das feste Bogolan eine Jacke f\u00fcr jede Gelegenheit. Hergestellt in Dakar. Der Stoff kommt aus Mali. Das Muster soll gef\u00e4hrliche, mystische Kr\u00e4fte abfedern. \u201aWolo\u2018 ist eine gelbliche L\u00f6sung, in dem der Stoff gef\u00e4rbt wird.<\/span><\/p>","protected":false},"featured_media":1766,"comment_status":"closed","ping_status":"closed","template":"","meta":[],"product_brand":[],"product_cat":[17],"product_tag":[],"class_list":{"0":"post-867","1":"product","2":"type-product","3":"status-publish","4":"has-post-thumbnail","6":"product_cat-unkategorisiert","8":"entry","9":"has-media","11":"first","12":"instock","13":"shipping-taxable","14":"purchasable","15":"product-type-simple","16":"has-product-nav","17":"col","18":"span_1_of_3","19":"owp-content-center","20":"owp-thumbs-layout-horizontal","21":"owp-btn-normal","22":"owp-tabs-layout-horizontal"},"jetpack_sharing_enabled":true,"_links":{"self":[{"href":"https:\/\/sboutiful.com\/de\/wp-json\/wp\/v2\/product\/867","targetHints":{"allow":["GET"]}}],"collection":[{"href":"https:\/\/sboutiful.com\/de\/wp-json\/wp\/v2\/product"}],"about":[{"href":"https:\/\/sboutiful.com\/de\/wp-json\/wp\/v2\/types\/product"}],"replies":[{"embeddable":true,"href":"https:\/\/sboutiful.com\/de\/wp-json\/wp\/v2\/comments?post=867"}],"wp:featuredmedia":[{"embeddable":true,"href":"https:\/\/sboutiful.com\/de\/wp-json\/wp\/v2\/media\/1766"}],"wp:attachment":[{"href":"https:\/\/sboutiful.com\/de\/wp-json\/wp\/v2\/media?parent=867"}],"wp:term":[{"taxonomy":"product_brand","embeddable":true,"href":"https:\/\/sboutiful.com\/de\/wp-json\/wp\/v2\/product_brand?post=867"},{"taxonomy":"product_cat","embeddable":true,"href":"https:\/\/sboutiful.com\/de\/wp-json\/wp\/v2\/product_cat?post=867"},{"taxonomy":"product_tag","embeddable":true,"href":"https:\/\/sboutiful.com\/de\/wp-json\/wp\/v2\/product_tag?post=867"}],"curies":[{"name":"wp","href":"https:\/\/api.w.org\/{rel}","templated":true}]}}