{"id":863,"date":"2020-06-02T10:23:57","date_gmt":"2020-06-02T10:23:57","guid":{"rendered":"http:\/\/sboutiful.com\/?post_type=product&#038;p=863"},"modified":"2020-06-22T21:04:47","modified_gmt":"2020-06-22T21:04:47","slug":"marka","status":"publish","type":"product","link":"https:\/\/sboutiful.com\/de\/produkt\/marka\/","title":{"rendered":"MARKA"},"content":{"rendered":"<p><span style=\"font-weight: 400;\"><strong>MARKA<\/strong> \u2013 Lange, leichte Sommerjacke mit blau-schwarzen Streifen und futuristisch tiefen Seitentaschen. Aufgen\u00e4hter Saum ist aus leichtem Vlies.Hergestellt in Dakar. Der Stoff kommt aus Burkina Faso und soll \u00fcbernat\u00fcrliche, sch\u00fctzende Eigenschaften besitzen. Die Sprache Marka geht aufgrund der Dominanz der franz\u00f6sischen Sprache in den Schulen verloren.<\/span><\/p>","protected":false},"excerpt":{"rendered":"<p><span style=\"font-weight: 400;\"><strong>MARKA<\/strong> \u2013 Lange, leichte Sommerjacke mit blau-schwarzen Streifen und futuristisch tiefen Seitentaschen. Aufgen\u00e4hter Saum ist aus leichtem Vlies.Hergestellt in Dakar. Der Stoff kommt aus Burkina Faso und soll \u00fcbernat\u00fcrliche, sch\u00fctzende Eigenschaften besitzen. Die Sprache Marka geht aufgrund der Dominanz der franz\u00f6sischen Sprache in den Schulen verloren.<\/span><\/p>","protected":false},"featured_media":1722,"comment_status":"closed","ping_status":"closed","template":"","meta":[],"product_brand":[],"product_cat":[17],"product_tag":[],"class_list":{"0":"post-863","1":"product","2":"type-product","3":"status-publish","4":"has-post-thumbnail","6":"product_cat-unkategorisiert","8":"entry","9":"has-media","11":"first","12":"outofstock","13":"shipping-taxable","14":"purchasable","15":"product-type-simple","16":"has-product-nav","17":"col","18":"span_1_of_3","19":"owp-content-center","20":"owp-thumbs-layout-horizontal","21":"owp-btn-normal","22":"owp-tabs-layout-horizontal"},"jetpack_sharing_enabled":true,"_links":{"self":[{"href":"https:\/\/sboutiful.com\/de\/wp-json\/wp\/v2\/product\/863","targetHints":{"allow":["GET"]}}],"collection":[{"href":"https:\/\/sboutiful.com\/de\/wp-json\/wp\/v2\/product"}],"about":[{"href":"https:\/\/sboutiful.com\/de\/wp-json\/wp\/v2\/types\/product"}],"replies":[{"embeddable":true,"href":"https:\/\/sboutiful.com\/de\/wp-json\/wp\/v2\/comments?post=863"}],"wp:featuredmedia":[{"embeddable":true,"href":"https:\/\/sboutiful.com\/de\/wp-json\/wp\/v2\/media\/1722"}],"wp:attachment":[{"href":"https:\/\/sboutiful.com\/de\/wp-json\/wp\/v2\/media?parent=863"}],"wp:term":[{"taxonomy":"product_brand","embeddable":true,"href":"https:\/\/sboutiful.com\/de\/wp-json\/wp\/v2\/product_brand?post=863"},{"taxonomy":"product_cat","embeddable":true,"href":"https:\/\/sboutiful.com\/de\/wp-json\/wp\/v2\/product_cat?post=863"},{"taxonomy":"product_tag","embeddable":true,"href":"https:\/\/sboutiful.com\/de\/wp-json\/wp\/v2\/product_tag?post=863"}],"curies":[{"name":"wp","href":"https:\/\/api.w.org\/{rel}","templated":true}]}}