{"id":844,"date":"2020-06-02T09:46:11","date_gmt":"2020-06-02T09:46:11","guid":{"rendered":"http:\/\/sboutiful.com\/?post_type=product&#038;p=844"},"modified":"2024-08-13T21:07:52","modified_gmt":"2024-08-13T21:07:52","slug":"mama-eze","status":"publish","type":"product","link":"https:\/\/sboutiful.com\/de\/produkt\/mama-eze\/","title":{"rendered":"MAMA EZE"},"content":{"rendered":"<p><span style=\"font-weight: 400;\"><strong>MAMA EZE<\/strong> \u2013  Mantel mit hochqualitativen schwarz-wei\u00dfen Streifen. Fest gef\u00fctterte lange Anzugjacke mit futuristischen tiefen Seitentaschen. Hergestellt in Dakar. Der Stoff kommt aus Burkina Faso. Das Muster soll vor Feinden\/dem b\u00f6sen Auge besch\u00fctzen. Dieses Kleidungsst\u00fcck wurde nach unserer Weberin Mama Eze benannt.<\/span><\/p>","protected":false},"excerpt":{"rendered":"<p><span style=\"font-weight: 400;\"><strong>MAMA EZE<\/strong> \u2013  Mantel mit hochqualitativen schwarz-wei\u00dfen Streifen. Fest gef\u00fctterte lange Anzugjacke mit futuristischen tiefen Seitentaschen. Hergestellt in Dakar. Der Stoff kommt aus Burkina Faso. Das Muster soll vor Feinden\/dem b\u00f6sen Auge besch\u00fctzen. Dieses Kleidungsst\u00fcck wurde nach unserer Weberin Mama Eze benannt.<\/span><\/p>","protected":false},"featured_media":1684,"comment_status":"closed","ping_status":"closed","template":"","meta":[],"product_brand":[],"product_cat":[17],"product_tag":[],"class_list":{"0":"post-844","1":"product","2":"type-product","3":"status-publish","4":"has-post-thumbnail","6":"product_cat-unkategorisiert","8":"entry","9":"has-media","11":"first","12":"outofstock","13":"shipping-taxable","14":"purchasable","15":"product-type-simple","16":"has-product-nav","17":"col","18":"span_1_of_3","19":"owp-content-center","20":"owp-thumbs-layout-horizontal","21":"owp-btn-normal","22":"owp-tabs-layout-horizontal"},"jetpack_sharing_enabled":true,"_links":{"self":[{"href":"https:\/\/sboutiful.com\/de\/wp-json\/wp\/v2\/product\/844","targetHints":{"allow":["GET"]}}],"collection":[{"href":"https:\/\/sboutiful.com\/de\/wp-json\/wp\/v2\/product"}],"about":[{"href":"https:\/\/sboutiful.com\/de\/wp-json\/wp\/v2\/types\/product"}],"replies":[{"embeddable":true,"href":"https:\/\/sboutiful.com\/de\/wp-json\/wp\/v2\/comments?post=844"}],"wp:featuredmedia":[{"embeddable":true,"href":"https:\/\/sboutiful.com\/de\/wp-json\/wp\/v2\/media\/1684"}],"wp:attachment":[{"href":"https:\/\/sboutiful.com\/de\/wp-json\/wp\/v2\/media?parent=844"}],"wp:term":[{"taxonomy":"product_brand","embeddable":true,"href":"https:\/\/sboutiful.com\/de\/wp-json\/wp\/v2\/product_brand?post=844"},{"taxonomy":"product_cat","embeddable":true,"href":"https:\/\/sboutiful.com\/de\/wp-json\/wp\/v2\/product_cat?post=844"},{"taxonomy":"product_tag","embeddable":true,"href":"https:\/\/sboutiful.com\/de\/wp-json\/wp\/v2\/product_tag?post=844"}],"curies":[{"name":"wp","href":"https:\/\/api.w.org\/{rel}","templated":true}]}}