{"id":830,"date":"2020-06-02T09:18:37","date_gmt":"2020-06-02T09:18:37","guid":{"rendered":"http:\/\/sboutiful.com\/?post_type=product&#038;p=830"},"modified":"2020-06-26T09:11:52","modified_gmt":"2020-06-26T09:11:52","slug":"dogon","status":"publish","type":"product","link":"https:\/\/sboutiful.com\/de\/produkt\/dogon\/","title":{"rendered":"DOGON"},"content":{"rendered":"<p><span style=\"font-weight: 400;\"><strong>DOGON<\/strong> \u2013 leichte wei\u00df-beige Jacke mit Muster. Dieses Oberteil hat bedeckte Kn\u00f6pfe und mit zwei verschiedenen Bogolan produziert. Hergestellt in Dakar. Der Stoff kommt aus Mali und soll vor schlechten Geistern w\u00e4hrend der Jagd sch\u00fctzen. Die Dogon sind am besten bekannt f\u00fcr ihre religi\u00f6sen Traditionen, ihre Maskent\u00e4nze und Kunstwerke.<\/span><\/p>","protected":false},"excerpt":{"rendered":"<p><span style=\"font-weight: 400;\"><strong>DOGON<\/strong> \u2013 leichte wei\u00df-beige Jacke mit Muster. Dieses Oberteil hat bedeckte Kn\u00f6pfe und mit zwei verschiedenen Bogolan produziert. Hergestellt in Dakar. Der Stoff kommt aus Mali und soll vor schlechten Geistern w\u00e4hrend der Jagd sch\u00fctzen. Die Dogon sind am besten bekannt f\u00fcr ihre religi\u00f6sen Traditionen, ihre Maskent\u00e4nze und Kunstwerke.<\/span><\/p>","protected":false},"featured_media":2149,"comment_status":"closed","ping_status":"closed","template":"","meta":[],"product_brand":[],"product_cat":[17],"product_tag":[],"class_list":{"0":"post-830","1":"product","2":"type-product","3":"status-publish","4":"has-post-thumbnail","6":"product_cat-unkategorisiert","8":"entry","9":"has-media","11":"first","12":"outofstock","13":"shipping-taxable","14":"purchasable","15":"product-type-simple","16":"has-product-nav","17":"col","18":"span_1_of_3","19":"owp-content-center","20":"owp-thumbs-layout-horizontal","21":"owp-btn-normal","22":"owp-tabs-layout-horizontal"},"jetpack_sharing_enabled":true,"_links":{"self":[{"href":"https:\/\/sboutiful.com\/de\/wp-json\/wp\/v2\/product\/830","targetHints":{"allow":["GET"]}}],"collection":[{"href":"https:\/\/sboutiful.com\/de\/wp-json\/wp\/v2\/product"}],"about":[{"href":"https:\/\/sboutiful.com\/de\/wp-json\/wp\/v2\/types\/product"}],"replies":[{"embeddable":true,"href":"https:\/\/sboutiful.com\/de\/wp-json\/wp\/v2\/comments?post=830"}],"wp:featuredmedia":[{"embeddable":true,"href":"https:\/\/sboutiful.com\/de\/wp-json\/wp\/v2\/media\/2149"}],"wp:attachment":[{"href":"https:\/\/sboutiful.com\/de\/wp-json\/wp\/v2\/media?parent=830"}],"wp:term":[{"taxonomy":"product_brand","embeddable":true,"href":"https:\/\/sboutiful.com\/de\/wp-json\/wp\/v2\/product_brand?post=830"},{"taxonomy":"product_cat","embeddable":true,"href":"https:\/\/sboutiful.com\/de\/wp-json\/wp\/v2\/product_cat?post=830"},{"taxonomy":"product_tag","embeddable":true,"href":"https:\/\/sboutiful.com\/de\/wp-json\/wp\/v2\/product_tag?post=830"}],"curies":[{"name":"wp","href":"https:\/\/api.w.org\/{rel}","templated":true}]}}