{"id":732,"date":"2020-06-01T15:41:21","date_gmt":"2020-06-01T15:41:21","guid":{"rendered":"http:\/\/sboutiful.com\/?post_type=product&#038;p=732"},"modified":"2020-10-14T18:35:52","modified_gmt":"2020-10-14T18:35:52","slug":"bogo-2","status":"publish","type":"product","link":"https:\/\/sboutiful.com\/de\/produkt\/bogo-2\/","title":{"rendered":"BOGO 2"},"content":{"rendered":"<p><span style=\"font-weight: 400;\"><strong>BOGO 2<\/strong> \u2013 braun-beiger gef\u00fctterter Mantel mit mystischen Druck. Der Schnitt ist l\u00e4ssig und kann mit einem innerem und \u00e4u\u00dferem angen\u00e4htem Bindeg\u00fcrtel die Taille betonen. Hergestellt in Dakar. Durch die F\u00fctterung wirkt diese BOGO 2 schicker und stilvoller. Der Stoff kommt aus Mali. Dieses Muster dient als Tarnung bei der Jagd. \u201aBogo\u2018 bedeutet Erde und ist auch in dem Stoffnamen Bogolan enthalten.<\/span><span style=\"font-weight: 400;\"><br \/>\n<\/span><\/p>","protected":false},"excerpt":{"rendered":"<p><span style=\"font-weight: 400;\"><strong>BOGO 2<\/strong> \u2013 braun-beiger gef\u00fctterter Mantel mit mystischen Druck. Der Schnitt ist l\u00e4ssig und kann mit einem innerem und \u00e4u\u00dferem angen\u00e4htem Bindeg\u00fcrtel die Taille betonen. Hergestellt in Dakar. Durch die F\u00fctterung wirkt diese BOGO 2 schicker und stilvoller. Der Stoff kommt aus Mali. Dieses Muster dient als Tarnung bei der Jagd. \u201aBogo\u2018 bedeutet Erde und ist auch in dem Stoffnamen Bogolan enthalten.<\/span><\/p>","protected":false},"featured_media":2200,"comment_status":"closed","ping_status":"closed","template":"","meta":[],"product_brand":[],"product_cat":[17],"product_tag":[],"class_list":{"0":"post-732","1":"product","2":"type-product","3":"status-publish","4":"has-post-thumbnail","6":"product_cat-unkategorisiert","8":"entry","9":"has-media","11":"first","12":"outofstock","13":"virtual","14":"sold-individually","15":"purchasable","16":"product-type-simple","17":"has-product-nav","18":"col","19":"span_1_of_3","20":"owp-content-center","21":"owp-thumbs-layout-horizontal","22":"owp-btn-normal","23":"owp-tabs-layout-horizontal"},"jetpack_sharing_enabled":true,"_links":{"self":[{"href":"https:\/\/sboutiful.com\/de\/wp-json\/wp\/v2\/product\/732","targetHints":{"allow":["GET"]}}],"collection":[{"href":"https:\/\/sboutiful.com\/de\/wp-json\/wp\/v2\/product"}],"about":[{"href":"https:\/\/sboutiful.com\/de\/wp-json\/wp\/v2\/types\/product"}],"replies":[{"embeddable":true,"href":"https:\/\/sboutiful.com\/de\/wp-json\/wp\/v2\/comments?post=732"}],"wp:featuredmedia":[{"embeddable":true,"href":"https:\/\/sboutiful.com\/de\/wp-json\/wp\/v2\/media\/2200"}],"wp:attachment":[{"href":"https:\/\/sboutiful.com\/de\/wp-json\/wp\/v2\/media?parent=732"}],"wp:term":[{"taxonomy":"product_brand","embeddable":true,"href":"https:\/\/sboutiful.com\/de\/wp-json\/wp\/v2\/product_brand?post=732"},{"taxonomy":"product_cat","embeddable":true,"href":"https:\/\/sboutiful.com\/de\/wp-json\/wp\/v2\/product_cat?post=732"},{"taxonomy":"product_tag","embeddable":true,"href":"https:\/\/sboutiful.com\/de\/wp-json\/wp\/v2\/product_tag?post=732"}],"curies":[{"name":"wp","href":"https:\/\/api.w.org\/{rel}","templated":true}]}}