{"id":718,"date":"2020-06-01T15:07:23","date_gmt":"2020-06-01T15:07:23","guid":{"rendered":"http:\/\/sboutiful.com\/?post_type=product&#038;p=718"},"modified":"2021-10-14T19:19:21","modified_gmt":"2021-10-14T19:19:21","slug":"bogo","status":"publish","type":"product","link":"https:\/\/sboutiful.com\/de\/produkt\/bogo\/","title":{"rendered":"BOGO"},"content":{"rendered":"<p><span style=\"font-weight: 400;\"><strong>BOGO<\/strong> \u2013 braun-beiger ungef\u00fctterter Mantel mit Muster. Der Schnitt ist l\u00e4ssig und kann mit einem inneren und \u00e4u\u00dferen angen\u00e4hten Bindeg\u00fcrtel die Taille betonen. Hergestellt in Dakar. Der Stoff kommt aus Mali. Dieses Muster dient als Tarnung bei der Jagd. \u201aBogo\u2018 bedeutet Erde und ist auch in dem Stoffnamen Bogolan enthalten. (Sowohl mit und ohne F\u00fctterung erh\u00e4ltlich)<\/span><\/p>","protected":false},"excerpt":{"rendered":"<p><span style=\"font-weight: 400;\"><strong>BOGO<\/strong> \u2013 braun-beiger ungef\u00fctterter Mantel mit Muster. Der Schnitt ist l\u00e4ssig und kann mit einem inneren und \u00e4u\u00dferen angen\u00e4hten Bindeg\u00fcrtel die Taille betonen. Hergestellt in Dakar. Der Stoff kommt aus Mali. Dieses Muster dient als Tarnung bei der Jagd. \u201aBogo\u2018 bedeutet Erde und ist auch in dem Stoffnamen Bogolan enthalten. (Sowohl mit und ohne F\u00fctterung erh\u00e4ltlich)<\/span><\/p>","protected":false},"featured_media":1968,"comment_status":"closed","ping_status":"closed","template":"","meta":[],"product_brand":[],"product_cat":[17],"product_tag":[],"class_list":{"0":"post-718","1":"product","2":"type-product","3":"status-publish","4":"has-post-thumbnail","6":"product_cat-unkategorisiert","8":"entry","9":"has-media","11":"first","12":"outofstock","13":"shipping-taxable","14":"purchasable","15":"product-type-simple","16":"has-product-nav","17":"col","18":"span_1_of_3","19":"owp-content-center","20":"owp-thumbs-layout-horizontal","21":"owp-btn-normal","22":"owp-tabs-layout-horizontal"},"jetpack_sharing_enabled":true,"_links":{"self":[{"href":"https:\/\/sboutiful.com\/de\/wp-json\/wp\/v2\/product\/718","targetHints":{"allow":["GET"]}}],"collection":[{"href":"https:\/\/sboutiful.com\/de\/wp-json\/wp\/v2\/product"}],"about":[{"href":"https:\/\/sboutiful.com\/de\/wp-json\/wp\/v2\/types\/product"}],"replies":[{"embeddable":true,"href":"https:\/\/sboutiful.com\/de\/wp-json\/wp\/v2\/comments?post=718"}],"wp:featuredmedia":[{"embeddable":true,"href":"https:\/\/sboutiful.com\/de\/wp-json\/wp\/v2\/media\/1968"}],"wp:attachment":[{"href":"https:\/\/sboutiful.com\/de\/wp-json\/wp\/v2\/media?parent=718"}],"wp:term":[{"taxonomy":"product_brand","embeddable":true,"href":"https:\/\/sboutiful.com\/de\/wp-json\/wp\/v2\/product_brand?post=718"},{"taxonomy":"product_cat","embeddable":true,"href":"https:\/\/sboutiful.com\/de\/wp-json\/wp\/v2\/product_cat?post=718"},{"taxonomy":"product_tag","embeddable":true,"href":"https:\/\/sboutiful.com\/de\/wp-json\/wp\/v2\/product_tag?post=718"}],"curies":[{"name":"wp","href":"https:\/\/api.w.org\/{rel}","templated":true}]}}