{"id":1063,"date":"2020-06-03T10:43:58","date_gmt":"2020-06-03T10:43:58","guid":{"rendered":"http:\/\/sboutiful.com\/?post_type=product&#038;p=1063"},"modified":"2020-06-29T09:10:13","modified_gmt":"2020-06-29T09:10:13","slug":"seydou","status":"publish","type":"product","link":"https:\/\/sboutiful.com\/de\/produkt\/seydou\/","title":{"rendered":"SEYDOU"},"content":{"rendered":"<p><b>SEYDOU<\/b><span style=\"font-weight: 400;\"> schwarzes, festes Oberteil mit wei\u00dfen, handgemalten Mustern. Die Dreiecks-Vordertasche ist ein Symbol der traditionellen westafrikanischen Tasche, die meist bei m\u00e4nnlichen Kleidungsst\u00fccken angen\u00e4ht wird. Der Stoff kommt aus Mali. Die wei\u00df gemalten Muschel auf dem Oberteil steht f\u00fcr Versuchung und Fruchtbarkeit. Dieses Kleidungsst\u00fcck wurde nach dem bekannten malischen Designer Chris Seydou benannt.<\/span><\/p>","protected":false},"excerpt":{"rendered":"<p><b>SEYDOU<\/b><span style=\"font-weight: 400;\"> schwarzes, festes Oberteil mit wei\u00dfen, handgemalten Mustern. Die Dreiecks-Vordertasche ist ein Symbol der traditionellen westafrikanischen Tasche, die meist bei m\u00e4nnlichen Kleidungsst\u00fccken angen\u00e4ht wird. Der Stoff kommt aus Mali. Die wei\u00df gemalten Muschel auf dem Oberteil steht f\u00fcr Versuchung und Fruchtbarkeit. Dieses Kleidungsst\u00fcck wurde nach dem bekannten malischen Designer Chris Seydou benannt.<\/span><\/p>","protected":false},"featured_media":2053,"comment_status":"closed","ping_status":"closed","template":"","meta":[],"product_brand":[],"product_cat":[17],"product_tag":[],"class_list":{"0":"post-1063","1":"product","2":"type-product","3":"status-publish","4":"has-post-thumbnail","6":"product_cat-unkategorisiert","8":"entry","9":"has-media","11":"first","12":"instock","13":"shipping-taxable","14":"purchasable","15":"product-type-simple","16":"has-product-nav","17":"col","18":"span_1_of_3","19":"owp-content-center","20":"owp-thumbs-layout-horizontal","21":"owp-btn-normal","22":"owp-tabs-layout-horizontal"},"jetpack_sharing_enabled":true,"_links":{"self":[{"href":"https:\/\/sboutiful.com\/de\/wp-json\/wp\/v2\/product\/1063","targetHints":{"allow":["GET"]}}],"collection":[{"href":"https:\/\/sboutiful.com\/de\/wp-json\/wp\/v2\/product"}],"about":[{"href":"https:\/\/sboutiful.com\/de\/wp-json\/wp\/v2\/types\/product"}],"replies":[{"embeddable":true,"href":"https:\/\/sboutiful.com\/de\/wp-json\/wp\/v2\/comments?post=1063"}],"wp:featuredmedia":[{"embeddable":true,"href":"https:\/\/sboutiful.com\/de\/wp-json\/wp\/v2\/media\/2053"}],"wp:attachment":[{"href":"https:\/\/sboutiful.com\/de\/wp-json\/wp\/v2\/media?parent=1063"}],"wp:term":[{"taxonomy":"product_brand","embeddable":true,"href":"https:\/\/sboutiful.com\/de\/wp-json\/wp\/v2\/product_brand?post=1063"},{"taxonomy":"product_cat","embeddable":true,"href":"https:\/\/sboutiful.com\/de\/wp-json\/wp\/v2\/product_cat?post=1063"},{"taxonomy":"product_tag","embeddable":true,"href":"https:\/\/sboutiful.com\/de\/wp-json\/wp\/v2\/product_tag?post=1063"}],"curies":[{"name":"wp","href":"https:\/\/api.w.org\/{rel}","templated":true}]}}