{"id":1062,"date":"2020-06-03T10:36:55","date_gmt":"2020-06-03T10:36:55","guid":{"rendered":"http:\/\/sboutiful.com\/?post_type=product&#038;p=1062"},"modified":"2020-10-14T18:48:00","modified_gmt":"2020-10-14T18:48:00","slug":"sankara","status":"publish","type":"product","link":"https:\/\/sboutiful.com\/de\/produkt\/sankara\/","title":{"rendered":"SANKARA"},"content":{"rendered":"<p><span style=\"font-weight: 400;\"><strong>SANKARA<\/strong> \u2013 qualitatives langes Oberteil\/Kleid mit wei\u00df-braun-beigen Streifen. Der Saum ist aus festem braunem Baumwollstoff. Die Seitentaschen sind futuristisch tief gen\u00e4ht. Hergestellt in Dakar. Der Stoff kommt aus Burkina Faso und wurde von Heilpraktiker*innen und Magier*innen gef\u00e4rbt. Thomas Sankara bleibt einer der beliebtesten Pan-Afrikaner, die der Kontinent je sah.<\/span><\/p>","protected":false},"excerpt":{"rendered":"<p><span style=\"font-weight: 400;\"><strong>SANKARA<\/strong> \u2013 qualitatives langes Oberteil\/Kleid mit wei\u00df-braun-beigen Streifen. Der Saum ist aus festem braunem Baumwollstoff. Die Seitentaschen sind futuristisch tief gen\u00e4ht. Hergestellt in Dakar. Der Stoff kommt aus Burkina Faso und wurde von Heilpraktiker*innen und Magier*innen gef\u00e4rbt. Thomas Sankara bleibt einer der beliebtesten Pan-Afrikaner, die der Kontinent je sah.<\/span><\/p>","protected":false},"featured_media":1924,"comment_status":"closed","ping_status":"closed","template":"","meta":[],"product_brand":[],"product_cat":[17],"product_tag":[],"class_list":{"0":"post-1062","1":"product","2":"type-product","3":"status-publish","4":"has-post-thumbnail","6":"product_cat-unkategorisiert","8":"entry","9":"has-media","11":"first","12":"outofstock","13":"shipping-taxable","14":"purchasable","15":"product-type-simple","16":"has-product-nav","17":"col","18":"span_1_of_3","19":"owp-content-center","20":"owp-thumbs-layout-horizontal","21":"owp-btn-normal","22":"owp-tabs-layout-horizontal"},"jetpack_sharing_enabled":true,"_links":{"self":[{"href":"https:\/\/sboutiful.com\/de\/wp-json\/wp\/v2\/product\/1062","targetHints":{"allow":["GET"]}}],"collection":[{"href":"https:\/\/sboutiful.com\/de\/wp-json\/wp\/v2\/product"}],"about":[{"href":"https:\/\/sboutiful.com\/de\/wp-json\/wp\/v2\/types\/product"}],"replies":[{"embeddable":true,"href":"https:\/\/sboutiful.com\/de\/wp-json\/wp\/v2\/comments?post=1062"}],"wp:featuredmedia":[{"embeddable":true,"href":"https:\/\/sboutiful.com\/de\/wp-json\/wp\/v2\/media\/1924"}],"wp:attachment":[{"href":"https:\/\/sboutiful.com\/de\/wp-json\/wp\/v2\/media?parent=1062"}],"wp:term":[{"taxonomy":"product_brand","embeddable":true,"href":"https:\/\/sboutiful.com\/de\/wp-json\/wp\/v2\/product_brand?post=1062"},{"taxonomy":"product_cat","embeddable":true,"href":"https:\/\/sboutiful.com\/de\/wp-json\/wp\/v2\/product_cat?post=1062"},{"taxonomy":"product_tag","embeddable":true,"href":"https:\/\/sboutiful.com\/de\/wp-json\/wp\/v2\/product_tag?post=1062"}],"curies":[{"name":"wp","href":"https:\/\/api.w.org\/{rel}","templated":true}]}}